{"id":561,"date":"2024-11-29T14:40:55","date_gmt":"2024-11-29T13:40:55","guid":{"rendered":"https:\/\/fiminox.com\/cookie-policy\/"},"modified":"2024-11-29T14:40:55","modified_gmt":"2024-11-29T13:40:55","slug":"cookie-policy","status":"publish","type":"page","link":"https:\/\/fiminox.com\/en\/cookie-policy\/","title":{"rendered":"Cookie policy"},"content":{"rendered":"\n<p><strong>COSA SONO I COOKIE?<\/strong><\/p>\n\n\n\n<p>I cookie sono piccoli file di testo inviati dal sito al terminale dell\u2019interessato (solitamente al browser), dove vengono memorizzati per essere poi ritrasmessi al sito alla successiva visita del medesimo utente. Un cookie non pu\u00f2 richiamare nessun altro dato dal disco fisso dell\u2019utente n\u00e9 trasmettere virus informatici o acquisire indirizzi email. Ogni cookie \u00e8 unico per il web browser dell\u2019utente. Alcune delle funzioni dei cookie possono essere demandate ad altre tecnologie. Nel presente documento con il termine \u2018cookie\u2019 si vuol far riferimento sia ai cookie, propriamente detti, sia a tutte le tecnologie similari.<br>Mediante i cookie \u00e8 possibile registrare informazioni relative alle sue preferenze, come le pagine navigate o il download di file dal ns. sito o altre azioni similari effettuate navigando il nostro sito.<\/p>\n\n\n\n<p><strong>COOKIE DI PRIMA O DI TERZA PARTE<\/strong><\/p>\n\n\n\n<p>I cookie possono essere di prima o di terza parte, dove per \u201cprima parte\u201d si intendono i cookie installati dal Titolare del sito stesso, mentre per \u201cterza parte\u201d si intendono i cookie installati da Terzi rispetto il Titolare del sito.<\/p>\n\n\n\n<p><strong>NATURA DEI COOKIE<\/strong><\/p>\n\n\n\n<p>Relativamente alla natura dei cookie, ne esistono di diversi tipi:<br>Cookie tecnici: I cookie tecnici sono quelli utilizzati al solo fine di \u201ceffettuare la trasmissione di una comunicazione su una rete di comunicazione elettronica, o nella misura strettamente necessaria al fornitore di un servizio della societ\u00e0 dell\u2019informazione esplicitamente richiesto dall\u2019abbonato o dall\u2019utente a erogare tale servizio\u201d (cfr. art. 122, comma 1, del Codice).<\/p>\n\n\n\n<p><br>Essi non vengono utilizzati per scopi ulteriori e sono normalmente installati direttamente dal titolare o gestore del sito web. Possono essere suddivisi in:<\/p>\n\n\n\n<ul class=\"wp-block-list\">\n<li>cookie di navigazione o di sessione, che garantiscono la normale navigazione e fruizione del sito web (permettendo, ad esempio, di realizzare un acquisto o autenticarsi per accedere ad aree riservate); essi sono di fatto necessari per il corretto funzionamento del sito;<\/li>\n\n\n\n<li>cookie analitici, assimilati ai cookie tecnici laddove utilizzati direttamente dal gestore del sito per raccogliere informazioni, in forma aggregata, sul numero degli utenti e su come questi visitano il sito stesso, al fine di migliorare le performance del sito;<\/li>\n\n\n\n<li>cookie di funzionalit\u00e0, che permettono all\u2019utente la navigazione in funzione di una serie di criteri selezionati (ad esempio, la lingua, i prodotti selezionati per l\u2019acquisto) al fine di migliorare il servizio reso allo stesso. Per l\u2019installazione di tali cookie non \u00e8 richiesto il preventivo consenso degli utenti.<\/li>\n\n\n\n<li>cookie di profilazione: I cookie di profilazione sono volti a creare profili relativi all\u2019utente e vengono utilizzati al fine di inviare messaggi pubblicitari in linea con le preferenze manifestate dallo stesso nell\u2019ambito della navigazione in rete. Per l\u2019utilizzo dei cookie di profilazione \u00e8 richiesto il consenso dell\u2019interessato. Secondo il provvedimento n. 229 dell\u20198 maggio 2014 l\u2019utente deve poter autorizzare o negare il consenso all\u2019installazione dei cookie di profilazione qualora essi siano presenti.<\/li>\n<\/ul>\n\n\n\n<p>In caso di cookie di terze parti, il sito non ha un controllo diretto dei singoli cookie e non pu\u00f2 controllarli (non pu\u00f2 n\u00e9 installarli direttamente n\u00e9 cancellarli). Puoi comunque gestire questi cookie attraverso le impostazioni del browser (segui le istruzioni riportate pi\u00f9 avanti), o i siti indicati nella sezione \u201cGestione dei cookie\u201d.<\/p>\n\n\n\n<p><strong>COOKIE INSTALLATI SU QUESTO SITO<\/strong><\/p>\n\n\n\n<p>Ecco l\u2019elenco dei cookie presenti su questo sito. I cookie di terze parti presentano il collegamento all\u2019informativa della privacy del relativo fornitore esterno, dove \u00e8 possibile trovare una dettagliata descrizione dei singoli cookie e del trattamento che ne viene fatto.<\/p>\n\n\n\n<p><strong>DURATA DEI COOKIE<\/strong><\/p>\n\n\n\n<p>I cookie hanno una durata dettata dalla data di scadenza (o da un\u2019azione specifica come la chiusura del browser) impostata al momento dell\u2019installazione. I cookie possono essere:<\/p>\n\n\n\n<ul class=\"wp-block-list\">\n<li>temporanei o di sessione (session cookie): sono utilizzati per archiviare informazioni temporanee, consentono di collegare le azioni eseguite durante una sessione specifica e vengono rimossi dal computer alla chiusura del browser;<\/li>\n\n\n\n<li>permanenti (persistent cookie): sono utilizzati per archiviare informazioni, ad esempio il nome e la password di accesso, in modo da evitare che l\u2019utente debba digitarli nuovamente ogni volta che visita un sito specifico. Questi rimangono memorizzati nel computer anche dopo aver chiuso il browser.<\/li>\n<\/ul>\n\n\n\n<p>I c.d. cookies di sessione, una volta terminata la connessione al presente sito web, non vengono conservati. I sistemi informatici utilizzati per il presente sito utilizzano cookies di terze parti per fini analitici che possono rimanere persistenti nel browser del navigatore.<\/p>\n\n\n\n<p><strong>GESTIONE DEI COOKIE<\/strong><\/p>\n\n\n\n<p>Puoi disattivare i cookies presenti sul sito scaricando appositi software, come ad esempio Ghostery (<a href=\"https:\/\/www.ghostery.com\/en\/try-us\/download-add-on\/\">https:\/\/www.ghostery.com\/en\/try-us\/download-add-on\/<\/a>) per il tuo browser e disabilitando l\u2019utilizzo dei singoli cookies. Oppure puoi attivare la modalit\u00e0 di \u201cnavigazione anonima\u201d \u2013 si tratta di una funzione che consente di navigare senza lasciare traccia nel browser dei dati di navigazione. Tale funzione consente unicamente di non mantenere i dati di navigazione nel browser.<\/p>\n\n\n\n<p>In alternativa, puoi disabilitare\/cancellare i cookie mediante l\u2019accesso al pannello di configurazione del tuo browser. Riportiamo di seguito il link ai pannelli di configurazione di alcuni browser noti:<\/p>\n\n\n\n<p>Chrome Per maggiori informazioni visita la pagina dedicata (<a href=\"https:\/\/support.google.com\/accounts\/answer\/61416?hl=en\">https:\/\/support.google.com\/accounts\/answer\/61416?hl=en<\/a>)<\/p>\n\n\n\n<p>Mozilla Firefox Per maggiori informazioni visita la pagina dedicata (<a href=\"https:\/\/support.mozilla.org\/en-US\/kb\/enable-and-disable-cookies-website-preferences\">https:\/\/support.mozilla.org\/en-US\/kb\/enable-and-disable-cookies-website-preferences<\/a>)<\/p>\n\n\n\n<p>Internet Explorer Per maggiori informazioni visita la pagina dedicata (<a href=\"https:\/\/support.microsoft.com\/it-it\/help\/17442\/windows-internet-explorer-delete-manage-cookies\">https:\/\/support.microsoft.com\/it-it\/help\/17442\/windows-internet-explorer-delete-manage-cookies<\/a>)<\/p>\n\n\n\n<p>Microsoft Edge Per maggiori informazioni visita la pagina dedicata (<a href=\"https:\/\/privacy.microsoft.com\/it-IT\/windows-10-microsoft-edge-and-privacy\">https:\/\/privacy.microsoft.com\/it-IT\/windows-10-microsoft-edge-and-privacy<\/a>)<\/p>\n\n\n\n<p>Safari 6 Per maggiori informazioni visita la pagina dedicata (<a href=\"https:\/\/support.apple.com\/kb\/PH17191?locale=it_IT\">https:\/\/support.apple.com\/kb\/PH17191?locale=it_IT<\/a>)<\/p>\n\n\n\n<p>Safari iOS (dispositivi mobile) Per maggiori informazioni visita la pagina dedicata (<a href=\"https:\/\/support.apple.com\/en-us\/HT201265\">https:\/\/support.apple.com\/en-us\/HT201265<\/a>)<\/p>\n\n\n\n<p>Opera Per maggiori informazioni visita la pagina dedicata (<a href=\"http:\/\/www.opera.com\/help\/tutorials\/security\/privacy\/\">http:\/\/www.opera.com\/help\/tutorials\/security\/privacy\/<\/a>)<\/p>\n","protected":false},"excerpt":{"rendered":"<p>COSA SONO I COOKIE? I cookie sono piccoli file di testo inviati dal sito al terminale dell\u2019interessato (solitamente al browser), dove vengono [&hellip;]<\/p>\n","protected":false},"author":1,"featured_media":0,"parent":0,"menu_order":0,"comment_status":"closed","ping_status":"closed","template":"","meta":{"_acf_changed":false,"footnotes":""},"class_list":["post-561","page","type-page","status-publish","hentry"],"acf":[],"yoast_head":"<!-- This site is optimized with the Yoast SEO plugin v24.0 - https:\/\/yoast.com\/wordpress\/plugins\/seo\/ -->\n<title>Cookie policy - Fiminox<\/title>\n<meta name=\"robots\" content=\"index, follow, max-snippet:-1, max-image-preview:large, max-video-preview:-1\" \/>\n<link rel=\"canonical\" href=\"https:\/\/fiminox.com\/en\/cookie-policy\/\" \/>\n<meta property=\"og:locale\" content=\"en_US\" \/>\n<meta property=\"og:type\" content=\"article\" \/>\n<meta property=\"og:title\" content=\"Cookie policy - Fiminox\" \/>\n<meta property=\"og:description\" content=\"COSA SONO I COOKIE? I cookie sono piccoli file di testo inviati dal sito al terminale dell\u2019interessato (solitamente al browser), dove vengono [&hellip;]\" \/>\n<meta property=\"og:url\" content=\"https:\/\/fiminox.com\/en\/cookie-policy\/\" \/>\n<meta property=\"og:site_name\" content=\"Fiminox\" \/>\n<meta property=\"article:publisher\" content=\"https:\/\/www.facebook.com\/Fiminox\" \/>\n<meta property=\"og:image\" content=\"https:\/\/fiminox.com\/wp-content\/uploads\/2024\/12\/Logo-Fiminox.png\" \/>\n\t<meta property=\"og:image:width\" content=\"1080\" \/>\n\t<meta property=\"og:image:height\" content=\"1080\" \/>\n\t<meta property=\"og:image:type\" content=\"image\/png\" \/>\n<meta name=\"twitter:card\" content=\"summary_large_image\" \/>\n<meta name=\"twitter:label1\" content=\"Est. reading time\" \/>\n\t<meta name=\"twitter:data1\" content=\"5 minutes\" \/>\n<script type=\"application\/ld+json\" class=\"yoast-schema-graph\">{\"@context\":\"https:\/\/schema.org\",\"@graph\":[{\"@type\":\"WebPage\",\"@id\":\"https:\/\/fiminox.com\/en\/cookie-policy\/\",\"url\":\"https:\/\/fiminox.com\/en\/cookie-policy\/\",\"name\":\"Cookie policy - Fiminox\",\"isPartOf\":{\"@id\":\"https:\/\/fiminox.com\/en\/#website\"},\"datePublished\":\"2024-11-29T13:40:55+00:00\",\"dateModified\":\"2024-11-29T13:40:55+00:00\",\"breadcrumb\":{\"@id\":\"https:\/\/fiminox.com\/en\/cookie-policy\/#breadcrumb\"},\"inLanguage\":\"en-US\",\"potentialAction\":[{\"@type\":\"ReadAction\",\"target\":[\"https:\/\/fiminox.com\/en\/cookie-policy\/\"]}]},{\"@type\":\"BreadcrumbList\",\"@id\":\"https:\/\/fiminox.com\/en\/cookie-policy\/#breadcrumb\",\"itemListElement\":[{\"@type\":\"ListItem\",\"position\":1,\"name\":\"Home\",\"item\":\"https:\/\/fiminox.com\/en\/\"},{\"@type\":\"ListItem\",\"position\":2,\"name\":\"Cookie policy\"}]},{\"@type\":\"WebSite\",\"@id\":\"https:\/\/fiminox.com\/en\/#website\",\"url\":\"https:\/\/fiminox.com\/en\/\",\"name\":\"Fiminox\",\"description\":\"Leader nella distribuzione di componenti in acciaio inossidabile\",\"publisher\":{\"@id\":\"https:\/\/fiminox.com\/en\/#organization\"},\"alternateName\":\"Fiminox\",\"potentialAction\":[{\"@type\":\"SearchAction\",\"target\":{\"@type\":\"EntryPoint\",\"urlTemplate\":\"https:\/\/fiminox.com\/en\/?s={search_term_string}\"},\"query-input\":{\"@type\":\"PropertyValueSpecification\",\"valueRequired\":true,\"valueName\":\"search_term_string\"}}],\"inLanguage\":\"en-US\"},{\"@type\":\"Organization\",\"@id\":\"https:\/\/fiminox.com\/en\/#organization\",\"name\":\"Fiminox\",\"url\":\"https:\/\/fiminox.com\/en\/\",\"logo\":{\"@type\":\"ImageObject\",\"inLanguage\":\"en-US\",\"@id\":\"https:\/\/fiminox.com\/en\/#\/schema\/logo\/image\/\",\"url\":\"https:\/\/fiminox.com\/wp-content\/uploads\/2024\/12\/Logo-Fiminox.png\",\"contentUrl\":\"https:\/\/fiminox.com\/wp-content\/uploads\/2024\/12\/Logo-Fiminox.png\",\"width\":1080,\"height\":1080,\"caption\":\"Fiminox\"},\"image\":{\"@id\":\"https:\/\/fiminox.com\/en\/#\/schema\/logo\/image\/\"},\"sameAs\":[\"https:\/\/www.facebook.com\/Fiminox\",\"https:\/\/www.linkedin.com\/company\/fiminox-s-p-a-\/\"]}]}<\/script>\n<!-- \/ Yoast SEO plugin. -->","yoast_head_json":{"title":"Cookie policy - Fiminox","robots":{"index":"index","follow":"follow","max-snippet":"max-snippet:-1","max-image-preview":"max-image-preview:large","max-video-preview":"max-video-preview:-1"},"canonical":"https:\/\/fiminox.com\/en\/cookie-policy\/","og_locale":"en_US","og_type":"article","og_title":"Cookie policy - Fiminox","og_description":"COSA SONO I COOKIE? I cookie sono piccoli file di testo inviati dal sito al terminale dell\u2019interessato (solitamente al browser), dove vengono [&hellip;]","og_url":"https:\/\/fiminox.com\/en\/cookie-policy\/","og_site_name":"Fiminox","article_publisher":"https:\/\/www.facebook.com\/Fiminox","og_image":[{"width":1080,"height":1080,"url":"https:\/\/fiminox.com\/wp-content\/uploads\/2024\/12\/Logo-Fiminox.png","type":"image\/png"}],"twitter_card":"summary_large_image","twitter_misc":{"Est. reading time":"5 minutes"},"schema":{"@context":"https:\/\/schema.org","@graph":[{"@type":"WebPage","@id":"https:\/\/fiminox.com\/en\/cookie-policy\/","url":"https:\/\/fiminox.com\/en\/cookie-policy\/","name":"Cookie policy - Fiminox","isPartOf":{"@id":"https:\/\/fiminox.com\/en\/#website"},"datePublished":"2024-11-29T13:40:55+00:00","dateModified":"2024-11-29T13:40:55+00:00","breadcrumb":{"@id":"https:\/\/fiminox.com\/en\/cookie-policy\/#breadcrumb"},"inLanguage":"en-US","potentialAction":[{"@type":"ReadAction","target":["https:\/\/fiminox.com\/en\/cookie-policy\/"]}]},{"@type":"BreadcrumbList","@id":"https:\/\/fiminox.com\/en\/cookie-policy\/#breadcrumb","itemListElement":[{"@type":"ListItem","position":1,"name":"Home","item":"https:\/\/fiminox.com\/en\/"},{"@type":"ListItem","position":2,"name":"Cookie policy"}]},{"@type":"WebSite","@id":"https:\/\/fiminox.com\/en\/#website","url":"https:\/\/fiminox.com\/en\/","name":"Fiminox","description":"Leader nella distribuzione di componenti in acciaio inossidabile","publisher":{"@id":"https:\/\/fiminox.com\/en\/#organization"},"alternateName":"Fiminox","potentialAction":[{"@type":"SearchAction","target":{"@type":"EntryPoint","urlTemplate":"https:\/\/fiminox.com\/en\/?s={search_term_string}"},"query-input":{"@type":"PropertyValueSpecification","valueRequired":true,"valueName":"search_term_string"}}],"inLanguage":"en-US"},{"@type":"Organization","@id":"https:\/\/fiminox.com\/en\/#organization","name":"Fiminox","url":"https:\/\/fiminox.com\/en\/","logo":{"@type":"ImageObject","inLanguage":"en-US","@id":"https:\/\/fiminox.com\/en\/#\/schema\/logo\/image\/","url":"https:\/\/fiminox.com\/wp-content\/uploads\/2024\/12\/Logo-Fiminox.png","contentUrl":"https:\/\/fiminox.com\/wp-content\/uploads\/2024\/12\/Logo-Fiminox.png","width":1080,"height":1080,"caption":"Fiminox"},"image":{"@id":"https:\/\/fiminox.com\/en\/#\/schema\/logo\/image\/"},"sameAs":["https:\/\/www.facebook.com\/Fiminox","https:\/\/www.linkedin.com\/company\/fiminox-s-p-a-\/"]}]}},"_links":{"self":[{"href":"https:\/\/fiminox.com\/en\/wp-json\/wp\/v2\/pages\/561","targetHints":{"allow":["GET"]}}],"collection":[{"href":"https:\/\/fiminox.com\/en\/wp-json\/wp\/v2\/pages"}],"about":[{"href":"https:\/\/fiminox.com\/en\/wp-json\/wp\/v2\/types\/page"}],"author":[{"embeddable":true,"href":"https:\/\/fiminox.com\/en\/wp-json\/wp\/v2\/users\/1"}],"replies":[{"embeddable":true,"href":"https:\/\/fiminox.com\/en\/wp-json\/wp\/v2\/comments?post=561"}],"version-history":[{"count":0,"href":"https:\/\/fiminox.com\/en\/wp-json\/wp\/v2\/pages\/561\/revisions"}],"wp:attachment":[{"href":"https:\/\/fiminox.com\/en\/wp-json\/wp\/v2\/media?parent=561"}],"curies":[{"name":"wp","href":"https:\/\/api.w.org\/{rel}","templated":true}]}}